{"id":21,"date":"2025-07-07T10:31:55","date_gmt":"2025-07-07T10:31:55","guid":{"rendered":"https:\/\/www.luskaoy.fi\/?page_id=21"},"modified":"2025-07-07T11:15:52","modified_gmt":"2025-07-07T11:15:52","slug":"kertasiivous","status":"publish","type":"page","link":"http:\/\/www.luskaoy.fi\/index.php\/kertasiivous\/","title":{"rendered":"KERTASIIVOUS"},"content":{"rendered":"\n<p><\/p>\n\n\n\n<div class=\"wp-block-columns is-layout-flex wp-container-core-columns-is-layout-28f84493 wp-block-columns-is-layout-flex\">\n<div class=\"wp-block-column is-layout-flow wp-block-column-is-layout-flow\" style=\"flex-basis:33.33%\"><\/div>\n\n\n\n<div class=\"wp-block-column is-layout-flow wp-block-column-is-layout-flow\" style=\"flex-basis:66.66%\"><\/div>\n<\/div>\n\n\n\n<figure class=\"wp-block-image alignwide size-large\"><img loading=\"lazy\" decoding=\"async\" width=\"1024\" height=\"683\" src=\"http:\/\/www.luskaoy.fi\/wp-content\/uploads\/2025\/07\/clean-1024x683.jpeg\" alt=\"\" class=\"wp-image-39\" srcset=\"http:\/\/www.luskaoy.fi\/wp-content\/uploads\/2025\/07\/clean-1024x683.jpeg 1024w, http:\/\/www.luskaoy.fi\/wp-content\/uploads\/2025\/07\/clean-300x200.jpeg 300w, http:\/\/www.luskaoy.fi\/wp-content\/uploads\/2025\/07\/clean-768x512.jpeg 768w, http:\/\/www.luskaoy.fi\/wp-content\/uploads\/2025\/07\/clean-1536x1024.jpeg 1536w, http:\/\/www.luskaoy.fi\/wp-content\/uploads\/2025\/07\/clean-2048x1365.jpeg 2048w\" sizes=\"auto, (max-width: 1024px) 100vw, 1024px\" \/><figcaption class=\"wp-element-caption\"><strong>Luska Kertasiivous \u2013 Koti hohtavan puhtaaksi helposti ja tehokkaasti!<\/strong><br>Kaipaatko apua kodin suursiivoukseen tai haluatko vain raikkaan ja puhtaan tunteen arkeen? Luska kertasiivous tuo helpotusta ja tekee kodistasi j\u00e4lleen viihtyis\u00e4n \u2013 me hoidamme kaiken ammattitaidolla ja huolellisesti!<\/figcaption><\/figure>\n\n\n\n<hr class=\"wp-block-separator has-alpha-channel-opacity\"\/>\n\n\n\n<h2 class=\"wp-block-heading has-text-align-center\"><strong>Mit\u00e4 kertasiivoukseen sis\u00e4ltyy?<\/strong><\/h2>\n\n\n\n<p class=\"has-text-align-center\"><strong>Luskan kertasiivous kattaa kattavasti kotisi t\u00e4rkeimm\u00e4t tilat:<\/strong><\/p>\n\n\n\n<div class=\"wp-block-columns alignwide is-layout-flex wp-container-core-columns-is-layout-28f84493 wp-block-columns-is-layout-flex\">\n<div class=\"wp-block-column is-layout-flow wp-block-column-is-layout-flow\" style=\"flex-basis:33.33%\">\n<figure class=\"wp-block-image size-large\"><img loading=\"lazy\" decoding=\"async\" width=\"1024\" height=\"688\" src=\"http:\/\/www.luskaoy.fi\/wp-content\/uploads\/2025\/07\/vacuuming-1024x688.jpeg\" alt=\"\" class=\"wp-image-41\" srcset=\"http:\/\/www.luskaoy.fi\/wp-content\/uploads\/2025\/07\/vacuuming-1024x688.jpeg 1024w, http:\/\/www.luskaoy.fi\/wp-content\/uploads\/2025\/07\/vacuuming-300x202.jpeg 300w, http:\/\/www.luskaoy.fi\/wp-content\/uploads\/2025\/07\/vacuuming-768x516.jpeg 768w, http:\/\/www.luskaoy.fi\/wp-content\/uploads\/2025\/07\/vacuuming-1536x1032.jpeg 1536w, http:\/\/www.luskaoy.fi\/wp-content\/uploads\/2025\/07\/vacuuming-2048x1376.jpeg 2048w\" sizes=\"auto, (max-width: 1024px) 100vw, 1024px\" \/><\/figure>\n<\/div>\n\n\n\n<div class=\"wp-block-column is-layout-flow wp-block-column-is-layout-flow\" style=\"flex-basis:66.66%\">\n<p><strong>Olohuone, makuuhuoneet ja muut huonetilat:<\/strong><br>Kaikki lattiat imuroidaan ja nihke\u00e4pyyhit\u00e4\u00e4n, matot imuroidaan huolellisesti.<br>Lattialistat, ovet, ovenpielet ja kosketuspinnat puhdistetaan.<br>Sohva ja nojatuolit imuroidaan kalustesuulakkeella tarpeen mukaan.<br>Vapaat tasopinnat pyyhit\u00e4\u00e4n (180 cm asti).<br>Kaikki asunnon peilit ja lasipinnat puhdistetaan sormenj\u00e4ljist\u00e4 ja roiskeista.<\/p>\n<\/div>\n<\/div>\n\n\n\n<hr class=\"wp-block-separator has-alpha-channel-opacity\"\/>\n\n\n\n<div class=\"wp-block-columns alignwide is-layout-flex wp-container-core-columns-is-layout-28f84493 wp-block-columns-is-layout-flex\">\n<div class=\"wp-block-column is-layout-flow wp-block-column-is-layout-flow\" style=\"flex-basis:66.66%\">\n<p class=\"has-text-align-right\"><strong>WC ja kylpyhuoneen siivous:<\/strong><br>WC-p\u00f6ntt\u00f6 pest\u00e4\u00e4n ja roiskeet pyyhit\u00e4\u00e4n sen l\u00e4helt\u00e4.<br>K\u00e4sienpesuallas harjataan, hanat ja altaan sein\u00e4nvierustat puhdistetaan.<br>Peilit pyyhit\u00e4\u00e4n puhtaiksi.<br>Ovet, suihkukaappi\/-tila pyyhit\u00e4\u00e4n.<br>Valokatkaisijat ja muut kosketuspinnat sek\u00e4 roiskeet puhdistetaan.<br>Vapaat tasopinnat pyyhit\u00e4\u00e4n ja lattiat imuroidaan sek\u00e4 harjapest\u00e4\u00e4n tarvittaessa.<br>Lattiakaivot puhdistetaan perusteellisesti.<\/p>\n<\/div>\n\n\n\n<div class=\"wp-block-column is-layout-flow wp-block-column-is-layout-flow\" style=\"flex-basis:33.33%\">\n<figure class=\"wp-block-image size-large\"><img loading=\"lazy\" decoding=\"async\" width=\"1024\" height=\"683\" src=\"http:\/\/www.luskaoy.fi\/wp-content\/uploads\/2025\/07\/kylpyhuone-1024x683.jpeg\" alt=\"\" class=\"wp-image-70\" srcset=\"http:\/\/www.luskaoy.fi\/wp-content\/uploads\/2025\/07\/kylpyhuone-1024x683.jpeg 1024w, http:\/\/www.luskaoy.fi\/wp-content\/uploads\/2025\/07\/kylpyhuone-300x200.jpeg 300w, http:\/\/www.luskaoy.fi\/wp-content\/uploads\/2025\/07\/kylpyhuone-768x512.jpeg 768w, http:\/\/www.luskaoy.fi\/wp-content\/uploads\/2025\/07\/kylpyhuone-1536x1024.jpeg 1536w, http:\/\/www.luskaoy.fi\/wp-content\/uploads\/2025\/07\/kylpyhuone-2048x1365.jpeg 2048w\" sizes=\"auto, (max-width: 1024px) 100vw, 1024px\" \/><\/figure>\n<\/div>\n<\/div>\n\n\n\n<hr class=\"wp-block-separator has-alpha-channel-opacity\"\/>\n\n\n\n<div class=\"wp-block-columns alignwide is-layout-flex wp-container-core-columns-is-layout-28f84493 wp-block-columns-is-layout-flex\">\n<div class=\"wp-block-column is-layout-flow wp-block-column-is-layout-flow\" style=\"flex-basis:33.33%\">\n<figure class=\"wp-block-image size-large\"><img loading=\"lazy\" decoding=\"async\" width=\"1024\" height=\"683\" src=\"http:\/\/www.luskaoy.fi\/wp-content\/uploads\/2025\/07\/keittio-1024x683.jpeg\" alt=\"\" class=\"wp-image-69\" srcset=\"http:\/\/www.luskaoy.fi\/wp-content\/uploads\/2025\/07\/keittio-1024x683.jpeg 1024w, http:\/\/www.luskaoy.fi\/wp-content\/uploads\/2025\/07\/keittio-300x200.jpeg 300w, http:\/\/www.luskaoy.fi\/wp-content\/uploads\/2025\/07\/keittio-768x513.jpeg 768w, http:\/\/www.luskaoy.fi\/wp-content\/uploads\/2025\/07\/keittio-1536x1025.jpeg 1536w, http:\/\/www.luskaoy.fi\/wp-content\/uploads\/2025\/07\/keittio-2048x1367.jpeg 2048w\" sizes=\"auto, (max-width: 1024px) 100vw, 1024px\" \/><\/figure>\n<\/div>\n\n\n\n<div class=\"wp-block-column is-layout-flow wp-block-column-is-layout-flow\" style=\"flex-basis:66.66%\">\n<p><strong>Keitti\u00f6n siivous:<\/strong><br>Lattiat imuroidaan ja pyyhit\u00e4\u00e4n.<br>Vapaat tasopinnat pyyhit\u00e4\u00e4n.<br>Tiskialtaan ja lieden sein\u00e4nvierustat puhdistetaan roiskeista ja tahroista.<br>Tiskiallas ja hana pest\u00e4\u00e4n.<br>Keitti\u00f6n kaapeista pyyhit\u00e4\u00e4n tahrat ja roiskeet.<br>Roskiskaappi pyyhit\u00e4\u00e4n sis\u00e4lt\u00e4 ja liesituuletin puhdistetaan.<br>Ruokap\u00f6yt\u00e4 ja tuolit pyyhit\u00e4\u00e4n.<\/p>\n<\/div>\n\n\n\n<div class=\"wp-block-column is-layout-flow wp-block-column-is-layout-flow\"><\/div>\n<\/div>\n\n\n\n<hr class=\"wp-block-separator has-alpha-channel-opacity\"\/>\n\n\n\n<div class=\"wp-block-columns alignwide is-layout-flex wp-container-core-columns-is-layout-28f84493 wp-block-columns-is-layout-flex\">\n<div class=\"wp-block-column is-layout-flow wp-block-column-is-layout-flow\" style=\"flex-basis:66.66%\"><\/div>\n\n\n\n<div class=\"wp-block-column is-layout-flow wp-block-column-is-layout-flow\" style=\"flex-basis:33.33%\"><\/div>\n<\/div>\n\n\n\n<div class=\"wp-block-columns alignwide is-layout-flex wp-container-core-columns-is-layout-28f84493 wp-block-columns-is-layout-flex\">\n<div class=\"wp-block-column is-layout-flow wp-block-column-is-layout-flow\" style=\"flex-basis:66.66%\">\n<p class=\"has-text-align-left\"><strong>Lis\u00e4palvelut \u2013 R\u00e4\u00e4t\u00e4l\u00f6i siivous tarpeidesi mukaan!<\/strong><br>Tarjoamme my\u00f6s erikseen tilattavia palveluita kodin erityistarpeisiin. Kerro meille toiveistasi! &#8211; Silitys ja vaatehuolto &#8211; Lieden taustan ja alustan puhdistus<br>&#8211; Uunin ja mikron puhdistus sis\u00e4lt\u00e4 &#8211; J\u00e4\u00e4kaapin sis\u00e4- ja ulkopintojen sek\u00e4 taustan puhdistus &#8211; Pakastimen sulatus &#8211; Saunan, suihkutilan ja kylpy-\/poreammeen pesu<br>Ikkunoiden pesu &#8211; L\u00e4mp\u00f6pattereiden pyyhint\u00e4 &#8211; Tiskaus, tiskikoneen t\u00e4ytt\u00f6 ja tyhjennys &#8211; Seinien pyyhkiminen ja taulujen p\u00f6lynpyyhint\u00e4<br>Yli 180 cm korkeudella olevien pintojen puhdistus &#8211; Eritt\u00e4in vaikeiden tahrojen poisto &#8211; Painavien huonekalujen ja kodinkoneiden siirto &#8211; Asunnon muutto- tai loppusiivous (laajempi kuin kertasiivous) &#8211; Ep\u00e4miellytt\u00e4vien hajujen poisto otsonoinnilla &#8211; Erikoissiivoukset<\/p>\n<\/div>\n\n\n\n<div class=\"wp-block-column is-layout-flow wp-block-column-is-layout-flow\" style=\"flex-basis:33.33%\">\n<figure class=\"wp-block-image size-large\"><img loading=\"lazy\" decoding=\"async\" width=\"1024\" height=\"658\" src=\"http:\/\/www.luskaoy.fi\/wp-content\/uploads\/2025\/07\/cleaning2-1024x658.jpeg\" alt=\"\" class=\"wp-image-72\" srcset=\"http:\/\/www.luskaoy.fi\/wp-content\/uploads\/2025\/07\/cleaning2-1024x658.jpeg 1024w, http:\/\/www.luskaoy.fi\/wp-content\/uploads\/2025\/07\/cleaning2-300x193.jpeg 300w, http:\/\/www.luskaoy.fi\/wp-content\/uploads\/2025\/07\/cleaning2-768x494.jpeg 768w, http:\/\/www.luskaoy.fi\/wp-content\/uploads\/2025\/07\/cleaning2-1536x987.jpeg 1536w, http:\/\/www.luskaoy.fi\/wp-content\/uploads\/2025\/07\/cleaning2-2048x1316.jpeg 2048w\" sizes=\"auto, (max-width: 1024px) 100vw, 1024px\" \/><\/figure>\n<\/div>\n<\/div>\n\n\n\n<hr class=\"wp-block-separator has-alpha-channel-opacity\"\/>\n\n\n\n<h2 class=\"wp-block-heading has-text-align-center\"><strong>Siivouksen kesto ja alueet<\/strong><\/h2>\n\n\n\n<p class=\"has-text-align-center\">Siivouksen aika-arvio riippuu kodin koosta ja toiveista. Esimerkiksi 30-50 neli\u00f6isen kodin siivoukseen kuluu noin 3 tuntia, ja 60-70 neli\u00f6isen noin 5 tuntia. N\u00e4m\u00e4 ovat arvioita, ja todellinen aika voi vaihdella.<\/p>\n\n\n\n<p class=\"has-text-align-center\">Huomioithan, ett\u00e4 siivousajat sis\u00e4lt\u00e4v\u00e4t 20 minuuttia matka-aikaa per siivooja, joka v\u00e4hennet\u00e4\u00e4n ty\u00f6ajasta.<\/p>\n\n\n\n<p class=\"has-text-align-center\"><strong>Ota yhteytt\u00e4 ja tilaa Luska Kertasiivous \u2013 Nauti puhtaasta kodista ilman vaivaa!<\/strong><\/p>\n","protected":false},"excerpt":{"rendered":"<p>Mit\u00e4 kertasiivoukseen sis\u00e4ltyy? Luskan kertasiivous kattaa kattavasti kotisi t\u00e4rkeimm\u00e4t tilat: Olohuone, makuuhuoneet ja muut huonetilat:Kaikki lattiat imuroidaan ja nihke\u00e4pyyhit\u00e4\u00e4n, matot imuroidaan huolellisesti.Lattialistat, ovet, ovenpielet ja kosketuspinnat puhdistetaan.Sohva ja nojatuolit imuroidaan kalustesuulakkeella tarpeen mukaan.Vapaat tasopinnat pyyhit\u00e4\u00e4n (180 cm asti).Kaikki asunnon peilit ja lasipinnat puhdistetaan sormenj\u00e4ljist\u00e4 ja roiskeista. WC ja kylpyhuoneen siivous:WC-p\u00f6ntt\u00f6 pest\u00e4\u00e4n ja roiskeet pyyhit\u00e4\u00e4n sen [&hellip;]<\/p>\n","protected":false},"author":1,"featured_media":0,"parent":0,"menu_order":0,"comment_status":"closed","ping_status":"closed","template":"elementor_theme","meta":{"footnotes":""},"class_list":["post-21","page","type-page","status-publish","hentry"],"_links":{"self":[{"href":"http:\/\/www.luskaoy.fi\/index.php\/wp-json\/wp\/v2\/pages\/21","targetHints":{"allow":["GET"]}}],"collection":[{"href":"http:\/\/www.luskaoy.fi\/index.php\/wp-json\/wp\/v2\/pages"}],"about":[{"href":"http:\/\/www.luskaoy.fi\/index.php\/wp-json\/wp\/v2\/types\/page"}],"author":[{"embeddable":true,"href":"http:\/\/www.luskaoy.fi\/index.php\/wp-json\/wp\/v2\/users\/1"}],"replies":[{"embeddable":true,"href":"http:\/\/www.luskaoy.fi\/index.php\/wp-json\/wp\/v2\/comments?post=21"}],"version-history":[{"count":5,"href":"http:\/\/www.luskaoy.fi\/index.php\/wp-json\/wp\/v2\/pages\/21\/revisions"}],"predecessor-version":[{"id":79,"href":"http:\/\/www.luskaoy.fi\/index.php\/wp-json\/wp\/v2\/pages\/21\/revisions\/79"}],"wp:attachment":[{"href":"http:\/\/www.luskaoy.fi\/index.php\/wp-json\/wp\/v2\/media?parent=21"}],"curies":[{"name":"wp","href":"https:\/\/api.w.org\/{rel}","templated":true}]}}